{"id":990,"date":"2021-06-01T10:56:33","date_gmt":"2021-06-01T08:56:33","guid":{"rendered":"http:\/\/www.millery.fr\/?page_id=990"},"modified":"2022-06-25T22:08:56","modified_gmt":"2022-06-25T20:08:56","slug":"dechets","status":"publish","type":"page","link":"https:\/\/www.millery.fr\/index.php\/dechets\/","title":{"rendered":"D\u00e9chets"},"content":{"rendered":"\t\t<div data-elementor-type=\"wp-page\" data-elementor-id=\"990\" class=\"elementor elementor-990\">\n\t\t\t\t\t\t<section class=\"elementor-section elementor-top-section elementor-element elementor-element-2a70d38 elementor-section-boxed elementor-section-height-default elementor-section-height-default\" data-id=\"2a70d38\" data-element_type=\"section\" data-settings=\"{&quot;background_background&quot;:&quot;classic&quot;}\">\n\t\t\t\t\t\t<div class=\"elementor-container elementor-column-gap-default\">\n\t\t\t\t\t<div class=\"elementor-column elementor-col-100 elementor-top-column elementor-element elementor-element-13e8104\" data-id=\"13e8104\" data-element_type=\"column\">\n\t\t\t<div class=\"elementor-widget-wrap elementor-element-populated\">\n\t\t\t\t\t\t<div class=\"elementor-element elementor-element-c966c9e elementor-widget elementor-widget-heading\" data-id=\"c966c9e\" data-element_type=\"widget\" data-widget_type=\"heading.default\">\n\t\t\t\t<div class=\"elementor-widget-container\">\n\t\t\t\t\t<h2 class=\"elementor-heading-title elementor-size-default\">D\u00e9chets<\/h2>\t\t\t\t<\/div>\n\t\t\t\t<\/div>\n\t\t\t\t\t<\/div>\n\t\t<\/div>\n\t\t\t\t\t<\/div>\n\t\t<\/section>\n\t\t\t\t<section class=\"elementor-section elementor-top-section elementor-element elementor-element-d120f43 elementor-section-boxed elementor-section-height-default elementor-section-height-default\" data-id=\"d120f43\" data-element_type=\"section\">\n\t\t\t\t\t\t<div class=\"elementor-container elementor-column-gap-default\">\n\t\t\t\t\t<div class=\"elementor-column elementor-col-100 elementor-top-column elementor-element elementor-element-8d2a0af\" data-id=\"8d2a0af\" data-element_type=\"column\">\n\t\t\t<div class=\"elementor-widget-wrap elementor-element-populated\">\n\t\t\t\t\t\t<div class=\"elementor-element elementor-element-b2fb35d elementor-widget elementor-widget-text-editor\" data-id=\"b2fb35d\" data-element_type=\"widget\" data-widget_type=\"text-editor.default\">\n\t\t\t\t<div class=\"elementor-widget-container\">\n\t\t\t\t\t\t\t\t\t<div class=\"page\" title=\"Page 1\"><div class=\"section\"><div class=\"layoutArea\"><div class=\"column\"><p>La Communaute\u0301 de Communes du Bassin de Pompey collecte et assure le traitement des de\u0301chets des me\u0301nages et de\u0301chets assimile\u0301s.<\/p><p><strong>Des e\u0301quipements de collecte<\/strong><\/p><p>Elle met a\u0300 disposition des habitants des e\u0301quipements pour le tri des de\u0301chets :<\/p><ul><li>Un bac puce\u0301 (gris a\u0300 couvercle bleu) pour les ordures me\u0301nage\u0300res.<\/li><li>Des sacs transparents pour le tri des recyclables secs (disponibles gratuitement a\u0300 l\u2019accueil de la Mairie)<\/li><li>Un bac vert pour le tri des de\u0301chets biode\u0301gradables avec bio-seau de cuisine et sacs compostables.<\/li><\/ul><p><strong>Jours de collecte<\/strong><\/p><p>Les de\u0301chets doivent e\u0302tre sortis la veille au soir du jour de collecte apre\u0300s 19h<\/p><\/div><\/div><\/div><\/div>\t\t\t\t\t\t\t\t<\/div>\n\t\t\t\t<\/div>\n\t\t\t\t\t<\/div>\n\t\t<\/div>\n\t\t\t\t\t<\/div>\n\t\t<\/section>\n\t\t\t\t<section class=\"elementor-section elementor-top-section elementor-element elementor-element-035ab2f elementor-section-boxed elementor-section-height-default elementor-section-height-default\" data-id=\"035ab2f\" data-element_type=\"section\">\n\t\t\t\t\t\t<div class=\"elementor-container elementor-column-gap-default\">\n\t\t\t\t\t<div class=\"elementor-column elementor-col-100 elementor-top-column elementor-element elementor-element-86e082c\" data-id=\"86e082c\" data-element_type=\"column\">\n\t\t\t<div class=\"elementor-widget-wrap elementor-element-populated\">\n\t\t\t\t\t\t<div class=\"elementor-element elementor-element-754ffbe elementor-widget elementor-widget-html\" data-id=\"754ffbe\" data-element_type=\"widget\" data-widget_type=\"html.default\">\n\t\t\t\t<div class=\"elementor-widget-container\">\n\t\t\t\t\t<table border=\"1\" cellpadding=\"15\">\n   <tr>\n      <th><\/th>\n      <th class=\"text-center\">Biod\u00e9gradables<\/th>\n      <th class=\"text-center\">D\u00e9chets recyclables<\/th>\n      <th class=\"text-center\">Ordures m\u00e9nag\u00e8res collecte principale<\/th>\n   <\/tr>\n   <tr>\n      <td align=\"center\">Millery<\/td>\n      <td align=\"center\">Jeudi<\/td>\n      <td align=\"center\">Jeudi<\/td>\n      <td align=\"center\">Samedi<\/td>\n   <\/tr>\n<\/table>\t\t\t\t<\/div>\n\t\t\t\t<\/div>\n\t\t\t\t\t<\/div>\n\t\t<\/div>\n\t\t\t\t\t<\/div>\n\t\t<\/section>\n\t\t\t\t<section class=\"elementor-section elementor-top-section elementor-element elementor-element-1cc462c elementor-section-boxed elementor-section-height-default elementor-section-height-default\" data-id=\"1cc462c\" data-element_type=\"section\">\n\t\t\t\t\t\t<div class=\"elementor-container elementor-column-gap-default\">\n\t\t\t\t\t<div class=\"elementor-column elementor-col-100 elementor-top-column elementor-element elementor-element-bc29482\" data-id=\"bc29482\" data-element_type=\"column\">\n\t\t\t<div class=\"elementor-widget-wrap elementor-element-populated\">\n\t\t\t\t\t\t<div class=\"elementor-element elementor-element-2dba731 elementor-widget elementor-widget-text-editor\" data-id=\"2dba731\" data-element_type=\"widget\" data-widget_type=\"text-editor.default\">\n\t\t\t\t<div class=\"elementor-widget-container\">\n\t\t\t\t\t\t\t\t\t<div class=\"page\" title=\"Page 1\">\n<div class=\"section\">\n<div class=\"layoutArea\">\n<div class=\"column\">\n<p>Collecte les jours fe\u0301rie\u0301s : pas de changement. Les sacs et bacs doivent e\u0302tre sortis comme d&rsquo;habitude, la veille au soir du jour de collecte apre\u0300s 19h.<\/p>\n<p>EXCEPTION :<br>Les 25 de\u0301cembre et 1er janvier, la collecte est reporte\u0301e au lendemain (hors dimanche). Dans ce cas, les horaires de passage du camion de\u0301butent de\u0300s 22 heures le jour fe\u0301rie\u0301.<\/p>\n<p><strong>Les points d\u2019apport volontaire ou points tri verre et textiles<\/strong><\/p>\n<p>La commune est dote\u0301e de toits points de tri des bouteilles en verre et des textiles, des points d\u2019apport volontaires, ou points tri :<br>\u2022 Salle Marcel Canet rue du stade (1 verre, 1 textile)<br>\u2022 Route de Nomeny (1 verre)<br>\u2022 Parking avenue de la Moselle (1 verre)<\/p>\n<p><strong>Les d\u00e9chets interdits pour votre poubelle !<\/strong><\/p>\n<ul>\n<li>&nbsp;les piles, les batteries ou les ampoules : vous pouvez les recycler via des fili\u00e8res sp\u00e9cialis\u00e9es. Il existe \u00e9galement de nombreux points de collecte dans les supermarch\u00e9s.<\/li>\n<li>les m\u00e9dicaments p\u00e9rim\u00e9s : ils doivent \u00eatre rapport\u00e9s en pharmacie, afin d&rsquo;avoir l&rsquo;assurance qu&rsquo;ils soient redirig\u00e9s vers une fili\u00e8re de destruction sp\u00e9cialis\u00e9e.<\/li>\n<li>les d\u00e9chets d&rsquo;\u00e9quipements \u00e9lectroniques : il existe des fili\u00e8res d\u00e9di\u00e9es pour ce type de d\u00e9chet. Vous pouvez les ramener \u00e0 un distributeur qui a l&rsquo;obligation de r\u00e9cup\u00e9rer votre vieil appareil. Vous pouvez \u00e9galement en faire don \u00e0 une association, le d\u00e9poser dans une d\u00e9chetterie ou dans des points collectes pr\u00e9vus \u00e0 cet effet. Certains op\u00e9rateurs mobiles r\u00e9cup\u00e8rent en boutique votre ancien t\u00e9l\u00e9phone pour le reconditionner ou le donner \u00e0 une association.<\/li>\n<li>les huiles alimentaires : elles peuvent \u00eatre jet\u00e9es dans votre poubelle ordinaire en petite quantit\u00e9 mais il est pr\u00e9f\u00e9rable de les d\u00e9poser dans des points de collecte sp\u00e9cialis\u00e9s.<\/li>\n<li>les huiles moteurs et autre huiles de vidange : vous pouvez les jeter dans des points de collecte sp\u00e9cifiques, chez un garagiste&nbsp; ou dans des bacs de collecte d\u00e9di\u00e9s.<\/li>\n<li>les pneus : ils doivent \u00eatre ramen\u00e9s chez un garagiste ou en d\u00e9chetterie. N&rsquo;h\u00e9sitez pas \u00e0 contacter votre garagiste \u00e0 l&rsquo;avance pour \u00eatre s\u00fbr qu&rsquo;il reprend bien les anciens pneus.<\/li>\n<\/ul>\n<p>En d\u00e9posant vos d\u00e9chets au bon endroit, vous contribuez \u00e0 la protection de l&rsquo;environnement. Vous contribuez \u00e9galement au bon fonctionnement de vos installations municipales ainsi qu&rsquo;\u00e0 la s\u00e9curit\u00e9 des employ\u00e9s qui y travaillent.<\/p>\n<p><span style=\"font-size: 11.0pt; font-family: 'Arial',sans-serif; color: black;\">&nbsp;<\/span><strong>Informations diverses :<\/strong><\/p>\n<p><a href=\"https:\/\/www.bassinpompey.fr\/tri-dechets-bassin-pompey\" target=\"_blank\" rel=\"noopener\">Guide du tri<\/a><br><a href=\"https:\/\/www.bassinpompey.fr\/dechetterie\" target=\"_blank\" rel=\"noopener\">De\u0301chetterie<\/a><br><a href=\"https:\/\/www.bassinpompey.fr\/composterie-intercommunale\" target=\"_blank\" rel=\"noopener\">Composterie<\/a><\/p>\n<\/div>\n<\/div>\n<\/div>\n<\/div>\t\t\t\t\t\t\t\t<\/div>\n\t\t\t\t<\/div>\n\t\t\t\t\t<\/div>\n\t\t<\/div>\n\t\t\t\t\t<\/div>\n\t\t<\/section>\n\t\t\t\t<\/div>\n\t\t","protected":false},"excerpt":{"rendered":"<p>D\u00e9chets La Communaute\u0301 de Communes du Bassin de Pompey collecte et assure le traitement des de\u0301chets des me\u0301nages et de\u0301chets assimile\u0301s. Des e\u0301quipements de collecte Elle met a\u0300 disposition des &#8230;<\/p>\n","protected":false},"author":1,"featured_media":0,"parent":0,"menu_order":0,"comment_status":"closed","ping_status":"closed","template":"elementor_header_footer","meta":{"footnotes":""},"class_list":["post-990","page","type-page","status-publish","hentry"],"_links":{"self":[{"href":"https:\/\/www.millery.fr\/index.php\/wp-json\/wp\/v2\/pages\/990","targetHints":{"allow":["GET"]}}],"collection":[{"href":"https:\/\/www.millery.fr\/index.php\/wp-json\/wp\/v2\/pages"}],"about":[{"href":"https:\/\/www.millery.fr\/index.php\/wp-json\/wp\/v2\/types\/page"}],"author":[{"embeddable":true,"href":"https:\/\/www.millery.fr\/index.php\/wp-json\/wp\/v2\/users\/1"}],"replies":[{"embeddable":true,"href":"https:\/\/www.millery.fr\/index.php\/wp-json\/wp\/v2\/comments?post=990"}],"version-history":[{"count":31,"href":"https:\/\/www.millery.fr\/index.php\/wp-json\/wp\/v2\/pages\/990\/revisions"}],"predecessor-version":[{"id":4313,"href":"https:\/\/www.millery.fr\/index.php\/wp-json\/wp\/v2\/pages\/990\/revisions\/4313"}],"wp:attachment":[{"href":"https:\/\/www.millery.fr\/index.php\/wp-json\/wp\/v2\/media?parent=990"}],"curies":[{"name":"wp","href":"https:\/\/api.w.org\/{rel}","templated":true}]}}