{"id":434,"date":"2021-05-21T14:45:50","date_gmt":"2021-05-21T12:45:50","guid":{"rendered":"http:\/\/www.millery.fr\/?page_id=434"},"modified":"2021-07-06T09:50:33","modified_gmt":"2021-07-06T07:50:33","slug":"soutien-a-lemploi-a-la-formation-et-a-la-creation-dentreprise","status":"publish","type":"page","link":"https:\/\/www.millery.fr\/index.php\/soutien-a-lemploi-a-la-formation-et-a-la-creation-dentreprise\/","title":{"rendered":"Soutien \u00e0 l&#8217;emploi, \u00e0 la formation et \u00e0 la cr\u00e9ation d&rsquo;entreprise"},"content":{"rendered":"\t\t<div data-elementor-type=\"wp-page\" data-elementor-id=\"434\" class=\"elementor elementor-434\">\n\t\t\t\t\t\t<section class=\"elementor-section elementor-top-section elementor-element elementor-element-93e2fec elementor-section-boxed elementor-section-height-default elementor-section-height-default\" data-id=\"93e2fec\" data-element_type=\"section\" data-settings=\"{&quot;background_background&quot;:&quot;classic&quot;}\">\n\t\t\t\t\t\t<div class=\"elementor-container elementor-column-gap-default\">\n\t\t\t\t\t<div class=\"elementor-column elementor-col-100 elementor-top-column elementor-element elementor-element-585d9a2\" data-id=\"585d9a2\" data-element_type=\"column\">\n\t\t\t<div class=\"elementor-widget-wrap elementor-element-populated\">\n\t\t\t\t\t\t<div class=\"elementor-element elementor-element-5c6cc12 elementor-widget elementor-widget-heading\" data-id=\"5c6cc12\" data-element_type=\"widget\" data-widget_type=\"heading.default\">\n\t\t\t\t<div class=\"elementor-widget-container\">\n\t\t\t\t\t<h2 class=\"elementor-heading-title elementor-size-default\">Soutien \u00e0 l'emploi, \u00e0 la formation et \u00e0 la cr\u00e9ation d'entreprise<\/h2>\t\t\t\t<\/div>\n\t\t\t\t<\/div>\n\t\t\t\t\t<\/div>\n\t\t<\/div>\n\t\t\t\t\t<\/div>\n\t\t<\/section>\n\t\t\t\t<section class=\"elementor-section elementor-top-section elementor-element elementor-element-25f56fd elementor-section-boxed elementor-section-height-default elementor-section-height-default\" data-id=\"25f56fd\" data-element_type=\"section\">\n\t\t\t\t\t\t<div class=\"elementor-container elementor-column-gap-default\">\n\t\t\t\t\t<div class=\"elementor-column elementor-col-50 elementor-top-column elementor-element elementor-element-3befcd0\" data-id=\"3befcd0\" data-element_type=\"column\">\n\t\t\t<div class=\"elementor-widget-wrap elementor-element-populated\">\n\t\t\t\t\t\t<div class=\"elementor-element elementor-element-0ba307b elementor-widget elementor-widget-text-editor\" data-id=\"0ba307b\" data-element_type=\"widget\" data-widget_type=\"text-editor.default\">\n\t\t\t\t<div class=\"elementor-widget-container\">\n\t\t\t\t\t\t\t\t\t<div class=\"page\" title=\"Page 4\"><div class=\"section\"><div class=\"layoutArea\"><div class=\"column\"><p><strong>FLJob : le Service intercommunal de l&#8217;emploi<\/strong><\/p><p>Vous recherchez un emploi ou une formation? FLJob<\/p><p>peut vous aider. Plus de 360 offres d\u2019emplois vous attendent sur le bassin de Pompey et des ateliers de\u0301die\u0301s a\u0300 la cre\u0301ation d\u2019activite\u0301, a\u0300 l\u2019emploi, au nume\u0301rique, a\u0300 la construction d\u2019un CV ou d\u2019une lettre de motivation, a\u0300 la pre\u0301paration a\u0300 un entretien d\u2019embauche vous sont propose\u0301s : <a href=\"https:\/\/emploi-bassinpompey.fr\" target=\"_blank\" rel=\"noopener\">https:\/\/emploi-bassinpompey.fr<\/a><\/p><\/div><\/div><\/div><\/div>\t\t\t\t\t\t\t\t<\/div>\n\t\t\t\t<\/div>\n\t\t\t\t\t<\/div>\n\t\t<\/div>\n\t\t\t\t<div class=\"elementor-column elementor-col-50 elementor-top-column elementor-element elementor-element-eebb53e\" data-id=\"eebb53e\" data-element_type=\"column\">\n\t\t\t<div class=\"elementor-widget-wrap elementor-element-populated\">\n\t\t\t\t\t\t<div class=\"elementor-element elementor-element-43d6ff4 elementor-widget elementor-widget-html\" data-id=\"43d6ff4\" data-element_type=\"widget\" data-widget_type=\"html.default\">\n\t\t\t\t<div class=\"elementor-widget-container\">\n\t\t\t\t\t<table border=\"1\" cellpadding=\"15\">\n   <tr>\n      <th>Direction du Cycle de l'eau<br>delta services<\/th>\n   <\/tr>\n   <tr>\n      <td>112, Rue des 4 Elements<br>54340 \u00e0 Pompey<br>Accueil du public<br>8h30 - 12h30 et 13h30 - 18h00<\/td>\n   <\/tr>\n<\/table>\t\t\t\t<\/div>\n\t\t\t\t<\/div>\n\t\t\t\t\t<\/div>\n\t\t<\/div>\n\t\t\t\t\t<\/div>\n\t\t<\/section>\n\t\t\t\t<section class=\"elementor-section elementor-top-section elementor-element elementor-element-05d330f elementor-section-boxed elementor-section-height-default elementor-section-height-default\" data-id=\"05d330f\" data-element_type=\"section\">\n\t\t\t\t\t\t<div class=\"elementor-container elementor-column-gap-default\">\n\t\t\t\t\t<div class=\"elementor-column elementor-col-100 elementor-top-column elementor-element elementor-element-4f9a184\" data-id=\"4f9a184\" data-element_type=\"column\">\n\t\t\t<div class=\"elementor-widget-wrap elementor-element-populated\">\n\t\t\t\t\t\t<div class=\"elementor-element elementor-element-901b63b elementor-widget elementor-widget-text-editor\" data-id=\"901b63b\" data-element_type=\"widget\" data-widget_type=\"text-editor.default\">\n\t\t\t\t<div class=\"elementor-widget-container\">\n\t\t\t\t\t\t\t\t\t<div class=\"page\" title=\"Page 4\"><div class=\"section\"><div class=\"layoutArea\"><div class=\"column\"><p>Sur notre territoire, d\u2019autres structures peuvent aussi vous accompagner dans vos recherches :<br \/>&#8211; La Mission Locale Val de Lorraine qui accompagne les jeunes de moins de 26 ans<\/p><p><a href=\"http:\/\/www.mlvdl.org\/accueil.html\" target=\"_blank\" rel=\"noopener\">http:\/\/www.mlvdl.org\/accueil.html<\/a><\/p><p>&#8211; L\u2019AFPA, organisme de formation professionnelle pour adultes <a href=\"https:\/\/www.afpa.fr\/actualites\" target=\"_blank\" rel=\"noopener\">https:\/\/www.afpa.fr\/actualites<\/a><\/p><p>&#8211; Po\u0302le Emploi <a href=\"https:\/\/www.pole-emploi.fr\/accueil\/\" target=\"_blank\" rel=\"noopener\">https:\/\/www.pole-emploi.fr\/accueil\/<\/a><br \/>A noter, le plan #1jeune1solution lance\u0301 par le gouvernement et porte\u0301 localement par la Mission Locale Val de Lorraine.<\/p><\/div><\/div><div class=\"section\"><div class=\"layoutArea\"><div class=\"column\"><p>Direction du Cycle de l\u2019Eau Delta Services<br \/>112, Rue des 4 Ele\u0301ments 54340 a\u0300 Pompey Accueil du public 8h30-12h30 et 13h30-18h00<\/p><\/div><\/div><\/div><div class=\"layoutArea\"><div class=\"column\"><p>Autres liens utiles :<\/p><p><a href=\"https:\/\/54.cdgplus.fr\/\" target=\"_blank\" rel=\"noopener\">Centre de Gestion 54<\/a><br \/><a href=\"https:\/\/www.emploipublic.fr\/offre-emploi\/offre-emploi-meurthe-et-moselle-oll-1018\" target=\"_blank\" rel=\"noopener\">Emploi public<\/a><br \/><a href=\"https:\/\/www.emploi-territorial.fr\/index.html\" target=\"_blank\" rel=\"noopener\">CAP territorial<\/a><br \/><a href=\"https:\/\/www.emploi-territorial.fr\/recherche_emploi_mobilite\/1\/\" target=\"_blank\" rel=\"noopener\">Emploi territorial<\/a><\/p><\/div><\/div><\/div><\/div>\t\t\t\t\t\t\t\t<\/div>\n\t\t\t\t<\/div>\n\t\t\t\t\t<\/div>\n\t\t<\/div>\n\t\t\t\t\t<\/div>\n\t\t<\/section>\n\t\t\t\t<\/div>\n\t\t","protected":false},"excerpt":{"rendered":"<p>Soutien \u00e0 l&#8217;emploi, \u00e0 la formation et \u00e0 la cr\u00e9ation d&rsquo;entreprise FLJob : le Service intercommunal de l&#8217;emploi Vous recherchez un emploi ou une formation? FLJob peut vous aider. Plus &#8230;<\/p>\n","protected":false},"author":1,"featured_media":0,"parent":0,"menu_order":0,"comment_status":"closed","ping_status":"closed","template":"elementor_header_footer","meta":{"footnotes":""},"class_list":["post-434","page","type-page","status-publish","hentry"],"_links":{"self":[{"href":"https:\/\/www.millery.fr\/index.php\/wp-json\/wp\/v2\/pages\/434","targetHints":{"allow":["GET"]}}],"collection":[{"href":"https:\/\/www.millery.fr\/index.php\/wp-json\/wp\/v2\/pages"}],"about":[{"href":"https:\/\/www.millery.fr\/index.php\/wp-json\/wp\/v2\/types\/page"}],"author":[{"embeddable":true,"href":"https:\/\/www.millery.fr\/index.php\/wp-json\/wp\/v2\/users\/1"}],"replies":[{"embeddable":true,"href":"https:\/\/www.millery.fr\/index.php\/wp-json\/wp\/v2\/comments?post=434"}],"version-history":[{"count":16,"href":"https:\/\/www.millery.fr\/index.php\/wp-json\/wp\/v2\/pages\/434\/revisions"}],"predecessor-version":[{"id":2705,"href":"https:\/\/www.millery.fr\/index.php\/wp-json\/wp\/v2\/pages\/434\/revisions\/2705"}],"wp:attachment":[{"href":"https:\/\/www.millery.fr\/index.php\/wp-json\/wp\/v2\/media?parent=434"}],"curies":[{"name":"wp","href":"https:\/\/api.w.org\/{rel}","templated":true}]}}