{"id":332,"date":"2021-05-21T14:11:17","date_gmt":"2021-05-21T12:11:17","guid":{"rendered":"http:\/\/www.millery.fr\/?page_id=332"},"modified":"2024-11-06T20:27:01","modified_gmt":"2024-11-06T19:27:01","slug":"location-salle-marcel-canet","status":"publish","type":"page","link":"https:\/\/www.millery.fr\/index.php\/location-salle-marcel-canet\/","title":{"rendered":"Location salle Marcel Canet"},"content":{"rendered":"\t\t<div data-elementor-type=\"wp-page\" data-elementor-id=\"332\" class=\"elementor elementor-332\">\n\t\t\t\t\t\t<section class=\"elementor-section elementor-top-section elementor-element elementor-element-77b5cb1 elementor-section-boxed elementor-section-height-default elementor-section-height-default\" data-id=\"77b5cb1\" data-element_type=\"section\" data-settings=\"{&quot;background_background&quot;:&quot;classic&quot;}\">\n\t\t\t\t\t\t<div class=\"elementor-container elementor-column-gap-default\">\n\t\t\t\t\t<div class=\"elementor-column elementor-col-100 elementor-top-column elementor-element elementor-element-e6778dd\" data-id=\"e6778dd\" data-element_type=\"column\">\n\t\t\t<div class=\"elementor-widget-wrap elementor-element-populated\">\n\t\t\t\t\t\t<div class=\"elementor-element elementor-element-4eb17fb elementor-widget elementor-widget-heading\" data-id=\"4eb17fb\" data-element_type=\"widget\" data-widget_type=\"heading.default\">\n\t\t\t\t<div class=\"elementor-widget-container\">\n\t\t\t\t\t<h2 class=\"elementor-heading-title elementor-size-default\">Location salle Marcel Canet<\/h2>\t\t\t\t<\/div>\n\t\t\t\t<\/div>\n\t\t\t\t\t<\/div>\n\t\t<\/div>\n\t\t\t\t\t<\/div>\n\t\t<\/section>\n\t\t\t\t<section class=\"elementor-section elementor-top-section elementor-element elementor-element-533399d elementor-section-boxed elementor-section-height-default elementor-section-height-default\" data-id=\"533399d\" data-element_type=\"section\">\n\t\t\t\t\t\t<div class=\"elementor-container elementor-column-gap-default\">\n\t\t\t\t\t<div class=\"elementor-column elementor-col-100 elementor-top-column elementor-element elementor-element-b6e8e7d\" data-id=\"b6e8e7d\" data-element_type=\"column\">\n\t\t\t<div class=\"elementor-widget-wrap elementor-element-populated\">\n\t\t\t\t\t\t<div class=\"elementor-element elementor-element-7b79c13 elementor-widget elementor-widget-text-editor\" data-id=\"7b79c13\" data-element_type=\"widget\" data-widget_type=\"text-editor.default\">\n\t\t\t\t<div class=\"elementor-widget-container\">\n\t\t\t\t\t\t\t\t\t<div class=\"page\" title=\"Page 2\"><div class=\"section\"><div class=\"layoutArea\"><div class=\"column\"><h5><a href=\"https:\/\/www.millery.fr\/wp-content\/uploads\/2023\/03\/Tarifs-de-location-de-la-salle-Marcel-Canet-.pdf\" target=\"_blank\" rel=\"noopener\">\u2022 TARIFS LOCATION<\/a><\/h5><h5><a href=\"https:\/\/www.millery.fr\/wp-content\/uploads\/2024\/11\/2-Contrat-de-location-salle-Marcel-CANET.pdf\" target=\"_blank\" rel=\"noopener\">\u2022 \u00a0CONTRAT DE LOCATION SALLE MARCEL CANET<\/a><\/h5><h5><a href=\"https:\/\/www.millery.fr\/wp-content\/uploads\/2024\/11\/3-Contrat-de-location-Vaisselle.pdf\" target=\"_blank\" rel=\"noopener\">\u2022 \u00a0CONTRAT DE LOCATION DE LA VAISSELE<\/a><\/h5><h5><a href=\"https:\/\/www.millery.fr\/wp-content\/uploads\/2024\/11\/1-Reglement-salle-Marcel-Canet.pdf\" target=\"_blank\" rel=\"noopener\">\u2022 RE\u0300GLEMENT<\/a><\/h5><\/div><\/div><\/div><\/div>\t\t\t\t\t\t\t\t<\/div>\n\t\t\t\t<\/div>\n\t\t\t\t\t<\/div>\n\t\t<\/div>\n\t\t\t\t\t<\/div>\n\t\t<\/section>\n\t\t\t\t<section class=\"elementor-section elementor-top-section elementor-element elementor-element-4343c32 elementor-section-boxed elementor-section-height-default elementor-section-height-default\" data-id=\"4343c32\" data-element_type=\"section\">\n\t\t\t\t\t\t<div class=\"elementor-container elementor-column-gap-default\">\n\t\t\t\t\t<div class=\"elementor-column elementor-col-100 elementor-top-column elementor-element elementor-element-5022252\" data-id=\"5022252\" data-element_type=\"column\">\n\t\t\t<div class=\"elementor-widget-wrap elementor-element-populated\">\n\t\t\t\t\t\t<div class=\"elementor-element elementor-element-622dfce elementor-widget elementor-widget-text-editor\" data-id=\"622dfce\" data-element_type=\"widget\" data-widget_type=\"text-editor.default\">\n\t\t\t\t<div class=\"elementor-widget-container\">\n\t\t\t\t\t\t\t\t\t<div class=\"page\" title=\"Page 2\"><div class=\"section\"><div class=\"layoutArea\"><div class=\"column\"><h5><strong>Pour r\u00e9server :\u00a0<\/strong><\/h5><ul><li><strong>Par t\u00e9l\u00e9phone<\/strong> au <a href=\"callto:+330383249643\">03 83 24 96 43<\/a><\/li><li><strong>Par le planning<\/strong> \u00e0 gauche de cette page : cliquez sur les jours que vous d\u00e9sirez r\u00e9server, remplissez le formulaire et envoyez<\/li><\/ul><\/div><\/div><\/div><\/div>\t\t\t\t\t\t\t\t<\/div>\n\t\t\t\t<\/div>\n\t\t\t\t\t<\/div>\n\t\t<\/div>\n\t\t\t\t\t<\/div>\n\t\t<\/section>\n\t\t\t\t<section class=\"elementor-section elementor-top-section elementor-element elementor-element-931fd57 elementor-section-boxed elementor-section-height-default elementor-section-height-default\" data-id=\"931fd57\" data-element_type=\"section\">\n\t\t\t\t\t\t<div class=\"elementor-container elementor-column-gap-default\">\n\t\t\t\t\t<div class=\"elementor-column elementor-col-100 elementor-top-column elementor-element elementor-element-02715ef\" data-id=\"02715ef\" data-element_type=\"column\">\n\t\t\t<div class=\"elementor-widget-wrap elementor-element-populated\">\n\t\t\t\t\t\t<div class=\"elementor-element elementor-element-bfdbbe5 elementor-widget elementor-widget-text-editor\" data-id=\"bfdbbe5\" data-element_type=\"widget\" data-widget_type=\"text-editor.default\">\n\t\t\t\t<div class=\"elementor-widget-container\">\n\t\t\t\t\t\t\t\t\t<div class=\"page\" title=\"Page 2\"><div class=\"section\"><div class=\"layoutArea\"><div class=\"column\"><p><strong>En cas de non confirmation dans un de\u0301lai de 15 jours, celle-ci s&rsquo;annulera automatiquement.<\/strong><\/p><ul><li><p>Comple\u0301tez ou apportez votre contrat de location en mairie<\/p><\/li><li><p>Etablissez le che\u0300que correspondant a\u0300 la location e\u0301tabli a\u0300 l&rsquo;ordre du <strong>Tre\u0301sor Public<\/strong>.<\/p><\/li><li><p>Fournissez au plus to\u0302t une attestation d&rsquo;assurance.<\/p><\/li><li><p>(L&rsquo;absence de celle-ci au moment de la remise des cle\u0301s vaut annulation).<\/p><p><strong>Remise des cle\u0301s :<\/strong><\/p><\/li><\/ul><ul><li><p>Te\u0301le\u0301phonez en mairie pour fixer le rendez-vous de remise des cle\u0301s et e\u0301tablir un e\u0301tat des lieux.<\/p><\/li><li><p>Le rendez-vous de restitution des cle\u0301s est pris avec l&rsquo;agent ou l&rsquo;adjoint au moment de la remise des cle\u0301s.\u00a0<\/p><p><strong>Restitution des cle\u0301s :<\/strong><\/p><\/li><li><p>Etat des lieux signe\u0301 par l&rsquo;agent et le locataire.<\/p><\/li><li><p>(Un double est laisse\u0301 au locataire).<\/p><p><strong>Che\u0300que de caution :<\/strong><\/p><\/li><li><p>Le che\u0300que de caution est restitue\u0301 de\u0300s confirmation du Tre\u0301sor Public de l&rsquo;encaissement de la facture. \u2022<\/p><p><strong>Points particuliers :<\/strong><\/p><\/li><li><p>Le che\u0300que de caution n\u2019est mis en recouvrement qu\u2019en cas de non acquittement des factures par le locataire dans un de\u0301lai raisonnable d\u2019un mois apre\u0300s la location.<\/p><\/li><\/ul><\/div><\/div><\/div><\/div><div class=\"page\" title=\"Page 3\"><div class=\"section\"><div class=\"layoutArea\"><div class=\"column\"><p><strong>En cas de de\u0301te\u0301rioration ne\u0301cessitant l&rsquo;intervention des assurances, le che\u0300que de caution n\u2019est rendu qu\u2019apre\u0300s la liquidation de l\u2019affaire.<\/strong><\/p><\/div><\/div><\/div><\/div>\t\t\t\t\t\t\t\t<\/div>\n\t\t\t\t<\/div>\n\t\t\t\t\t<\/div>\n\t\t<\/div>\n\t\t\t\t\t<\/div>\n\t\t<\/section>\n\t\t\t\t<\/div>\n\t\t","protected":false},"excerpt":{"rendered":"<p>Location salle Marcel Canet \u2022 TARIFS LOCATION \u2022 \u00a0CONTRAT DE LOCATION SALLE MARCEL CANET \u2022 \u00a0CONTRAT DE LOCATION DE LA VAISSELE \u2022 RE\u0300GLEMENT Pour r\u00e9server :\u00a0 Par t\u00e9l\u00e9phone au 03 &#8230;<\/p>\n","protected":false},"author":1,"featured_media":0,"parent":0,"menu_order":0,"comment_status":"closed","ping_status":"closed","template":"template-left-sidebar.php","meta":{"footnotes":""},"class_list":["post-332","page","type-page","status-publish","hentry"],"_links":{"self":[{"href":"https:\/\/www.millery.fr\/index.php\/wp-json\/wp\/v2\/pages\/332","targetHints":{"allow":["GET"]}}],"collection":[{"href":"https:\/\/www.millery.fr\/index.php\/wp-json\/wp\/v2\/pages"}],"about":[{"href":"https:\/\/www.millery.fr\/index.php\/wp-json\/wp\/v2\/types\/page"}],"author":[{"embeddable":true,"href":"https:\/\/www.millery.fr\/index.php\/wp-json\/wp\/v2\/users\/1"}],"replies":[{"embeddable":true,"href":"https:\/\/www.millery.fr\/index.php\/wp-json\/wp\/v2\/comments?post=332"}],"version-history":[{"count":55,"href":"https:\/\/www.millery.fr\/index.php\/wp-json\/wp\/v2\/pages\/332\/revisions"}],"predecessor-version":[{"id":6164,"href":"https:\/\/www.millery.fr\/index.php\/wp-json\/wp\/v2\/pages\/332\/revisions\/6164"}],"wp:attachment":[{"href":"https:\/\/www.millery.fr\/index.php\/wp-json\/wp\/v2\/media?parent=332"}],"curies":[{"name":"wp","href":"https:\/\/api.w.org\/{rel}","templated":true}]}}