{"id":263,"date":"2021-05-21T13:49:13","date_gmt":"2021-05-21T11:49:13","guid":{"rendered":"http:\/\/www.millery.fr\/?page_id=263"},"modified":"2021-07-06T09:33:01","modified_gmt":"2021-07-06T07:33:01","slug":"la-commune-en-chiffres","status":"publish","type":"page","link":"https:\/\/www.millery.fr\/index.php\/la-commune-en-chiffres\/","title":{"rendered":"La commune en chiffres"},"content":{"rendered":"\t\t<div data-elementor-type=\"wp-page\" data-elementor-id=\"263\" class=\"elementor elementor-263\">\n\t\t\t\t\t\t<section class=\"elementor-section elementor-top-section elementor-element elementor-element-8ba3076 elementor-section-boxed elementor-section-height-default elementor-section-height-default\" data-id=\"8ba3076\" data-element_type=\"section\" data-settings=\"{&quot;background_background&quot;:&quot;classic&quot;}\">\n\t\t\t\t\t\t<div class=\"elementor-container elementor-column-gap-default\">\n\t\t\t\t\t<div class=\"elementor-column elementor-col-100 elementor-top-column elementor-element elementor-element-308abf0\" data-id=\"308abf0\" data-element_type=\"column\">\n\t\t\t<div class=\"elementor-widget-wrap elementor-element-populated\">\n\t\t\t\t\t\t<div class=\"elementor-element elementor-element-b948340 elementor-widget elementor-widget-heading\" data-id=\"b948340\" data-element_type=\"widget\" data-widget_type=\"heading.default\">\n\t\t\t\t<div class=\"elementor-widget-container\">\n\t\t\t\t\t<h2 class=\"elementor-heading-title elementor-size-default\">La commune en chiffres<\/h2>\t\t\t\t<\/div>\n\t\t\t\t<\/div>\n\t\t\t\t\t<\/div>\n\t\t<\/div>\n\t\t\t\t\t<\/div>\n\t\t<\/section>\n\t\t\t\t<section class=\"elementor-section elementor-top-section elementor-element elementor-element-f2ad58c elementor-section-boxed elementor-section-height-default elementor-section-height-default\" data-id=\"f2ad58c\" data-element_type=\"section\">\n\t\t\t\t\t\t<div class=\"elementor-container elementor-column-gap-default\">\n\t\t\t\t\t<div class=\"elementor-column elementor-col-66 elementor-top-column elementor-element elementor-element-8dd80ce\" data-id=\"8dd80ce\" data-element_type=\"column\">\n\t\t\t<div class=\"elementor-widget-wrap elementor-element-populated\">\n\t\t\t\t\t\t<section class=\"elementor-section elementor-inner-section elementor-element elementor-element-2c564fe elementor-section-boxed elementor-section-height-default elementor-section-height-default\" data-id=\"2c564fe\" data-element_type=\"section\">\n\t\t\t\t\t\t<div class=\"elementor-container elementor-column-gap-default\">\n\t\t\t\t\t<div class=\"elementor-column elementor-col-50 elementor-inner-column elementor-element elementor-element-612f3db\" data-id=\"612f3db\" data-element_type=\"column\">\n\t\t\t<div class=\"elementor-widget-wrap elementor-element-populated\">\n\t\t\t\t\t\t<div class=\"elementor-element elementor-element-7168bec elementor-widget elementor-widget-text-editor\" data-id=\"7168bec\" data-element_type=\"widget\" data-widget_type=\"text-editor.default\">\n\t\t\t\t<div class=\"elementor-widget-container\">\n\t\t\t\t\t\t\t\t\t<p><strong>Commune<\/strong><\/p><p><strong>Intercommunalit\u00e9<\/strong><\/p><p><strong>Altitude<\/strong><\/p><p><strong>Superficie<\/strong><\/p><p><strong>Habitants<\/strong><\/p><p><strong>Densit\u00e9<\/strong><\/p><p><strong>Taux de ch\u00f4mage<\/strong><\/p><p><strong>Actifs \/ Inactifs<\/strong><\/p><p><strong>Taux de natalit\u00e9<\/strong><\/p><p><strong>Taux de mortalit\u00e9<\/strong><\/p>\t\t\t\t\t\t\t\t<\/div>\n\t\t\t\t<\/div>\n\t\t\t\t\t<\/div>\n\t\t<\/div>\n\t\t\t\t<div class=\"elementor-column elementor-col-50 elementor-inner-column elementor-element elementor-element-1f3752a\" data-id=\"1f3752a\" data-element_type=\"column\">\n\t\t\t<div class=\"elementor-widget-wrap elementor-element-populated\">\n\t\t\t\t\t\t<div class=\"elementor-element elementor-element-98df796 elementor-widget elementor-widget-text-editor\" data-id=\"98df796\" data-element_type=\"widget\" data-widget_type=\"text-editor.default\">\n\t\t\t\t<div class=\"elementor-widget-container\">\n\t\t\t\t\t\t\t\t\t<p>Millery<\/p><p>Communaut\u00e9 de Communes du Bassin de Pompey<\/p><p>183 &#8211; 392 m<\/p><p>7,48km2<\/p><p>622<\/p><p>82 habitants\/km2<\/p><p>6,1 % (2017)<\/p><p>79,5% \/ 20,5%<\/p><p>11,3%<\/p><p>7,2%<\/p>\t\t\t\t\t\t\t\t<\/div>\n\t\t\t\t<\/div>\n\t\t\t\t\t<\/div>\n\t\t<\/div>\n\t\t\t\t\t<\/div>\n\t\t<\/section>\n\t\t\t\t\t<\/div>\n\t\t<\/div>\n\t\t\t\t<div class=\"elementor-column elementor-col-33 elementor-top-column elementor-element elementor-element-50a1c65\" data-id=\"50a1c65\" data-element_type=\"column\">\n\t\t\t<div class=\"elementor-widget-wrap elementor-element-populated\">\n\t\t\t\t\t\t<div class=\"elementor-element elementor-element-30cb079 elementor-widget elementor-widget-image\" data-id=\"30cb079\" data-element_type=\"widget\" data-widget_type=\"image.default\">\n\t\t\t\t<div class=\"elementor-widget-container\">\n\t\t\t\t\t\t\t\t\t\t\t\t\t\t\t<img fetchpriority=\"high\" decoding=\"async\" width=\"500\" height=\"375\" src=\"https:\/\/www.millery.fr\/wp-content\/uploads\/2021\/05\/Millery.jpeg\" class=\"attachment-large size-large wp-image-524\" alt=\"\" srcset=\"https:\/\/www.millery.fr\/wp-content\/uploads\/2021\/05\/Millery.jpeg 500w, https:\/\/www.millery.fr\/wp-content\/uploads\/2021\/05\/Millery-300x225.jpeg 300w\" sizes=\"(max-width: 500px) 100vw, 500px\" \/>\t\t\t\t\t\t\t\t\t\t\t\t\t\t\t<\/div>\n\t\t\t\t<\/div>\n\t\t\t\t\t<\/div>\n\t\t<\/div>\n\t\t\t\t\t<\/div>\n\t\t<\/section>\n\t\t\t\t<section class=\"elementor-section elementor-top-section elementor-element elementor-element-28c6a72 elementor-section-boxed elementor-section-height-default elementor-section-height-default\" data-id=\"28c6a72\" data-element_type=\"section\">\n\t\t\t\t\t\t<div class=\"elementor-container elementor-column-gap-default\">\n\t\t\t\t\t<div class=\"elementor-column elementor-col-50 elementor-top-column elementor-element elementor-element-38b1731\" data-id=\"38b1731\" data-element_type=\"column\">\n\t\t\t<div class=\"elementor-widget-wrap elementor-element-populated\">\n\t\t\t\t\t\t<div class=\"elementor-element elementor-element-b5d5a1d elementor-widget elementor-widget-image\" data-id=\"b5d5a1d\" data-element_type=\"widget\" data-widget_type=\"image.default\">\n\t\t\t\t<div class=\"elementor-widget-container\">\n\t\t\t\t\t\t\t\t\t\t\t\t<figure class=\"wp-caption\">\n\t\t\t\t\t\t\t\t\t\t<img decoding=\"async\" width=\"800\" height=\"800\" src=\"https:\/\/www.millery.fr\/wp-content\/uploads\/2021\/06\/Population-par-tranches-da\u0302ge.png\" class=\"attachment-large size-large wp-image-1765\" alt=\"Population par tranches d&#039;\u00e2ge\" srcset=\"https:\/\/www.millery.fr\/wp-content\/uploads\/2021\/06\/Population-par-tranches-da\u0302ge.png 1024w, https:\/\/www.millery.fr\/wp-content\/uploads\/2021\/06\/Population-par-tranches-da\u0302ge-300x300.png 300w, https:\/\/www.millery.fr\/wp-content\/uploads\/2021\/06\/Population-par-tranches-da\u0302ge-150x150.png 150w, https:\/\/www.millery.fr\/wp-content\/uploads\/2021\/06\/Population-par-tranches-da\u0302ge-768x768.png 768w\" sizes=\"(max-width: 800px) 100vw, 800px\" \/>\t\t\t\t\t\t\t\t\t\t\t<figcaption class=\"widget-image-caption wp-caption-text\">Population par tranches d'\u00e2ge<\/figcaption>\n\t\t\t\t\t\t\t\t\t\t<\/figure>\n\t\t\t\t\t\t\t\t\t<\/div>\n\t\t\t\t<\/div>\n\t\t\t\t\t<\/div>\n\t\t<\/div>\n\t\t\t\t<div class=\"elementor-column elementor-col-50 elementor-top-column elementor-element elementor-element-60eb80e\" data-id=\"60eb80e\" data-element_type=\"column\">\n\t\t\t<div class=\"elementor-widget-wrap elementor-element-populated\">\n\t\t\t\t\t\t<div class=\"elementor-element elementor-element-722acc3 elementor-widget elementor-widget-image\" data-id=\"722acc3\" data-element_type=\"widget\" data-widget_type=\"image.default\">\n\t\t\t\t<div class=\"elementor-widget-container\">\n\t\t\t\t\t\t\t\t\t\t\t\t<figure class=\"wp-caption\">\n\t\t\t\t\t\t\t\t\t\t<img decoding=\"async\" src=\"https:\/\/www.millery.fr\/wp-content\/uploads\/elementor\/thumbs\/Population-par-sexe-1-p8zg0cnv0gd7kzrfdcc8eddjy3jszyym6ht30nor2s.png\" title=\"Population par sexe\" alt=\"Population par sexe\" loading=\"lazy\" \/>\t\t\t\t\t\t\t\t\t\t\t<figcaption class=\"widget-image-caption wp-caption-text\">Population par sexe<\/figcaption>\n\t\t\t\t\t\t\t\t\t\t<\/figure>\n\t\t\t\t\t\t\t\t\t<\/div>\n\t\t\t\t<\/div>\n\t\t\t\t\t<\/div>\n\t\t<\/div>\n\t\t\t\t\t<\/div>\n\t\t<\/section>\n\t\t\t\t<section class=\"elementor-section elementor-top-section elementor-element elementor-element-d92ef96 elementor-section-boxed elementor-section-height-default elementor-section-height-default\" data-id=\"d92ef96\" data-element_type=\"section\">\n\t\t\t\t\t\t<div class=\"elementor-container elementor-column-gap-default\">\n\t\t\t\t\t<div class=\"elementor-column elementor-col-50 elementor-top-column elementor-element elementor-element-2d084be\" data-id=\"2d084be\" data-element_type=\"column\">\n\t\t\t<div class=\"elementor-widget-wrap elementor-element-populated\">\n\t\t\t\t\t\t<div class=\"elementor-element elementor-element-0b7e785 elementor-widget elementor-widget-image\" data-id=\"0b7e785\" data-element_type=\"widget\" data-widget_type=\"image.default\">\n\t\t\t\t<div class=\"elementor-widget-container\">\n\t\t\t\t\t\t\t\t\t\t\t\t<figure class=\"wp-caption\">\n\t\t\t\t\t\t\t\t\t\t<img decoding=\"async\" width=\"800\" height=\"567\" src=\"https:\/\/www.millery.fr\/wp-content\/uploads\/2021\/06\/Statut-conjugal.png\" class=\"attachment-large size-large wp-image-1800\" alt=\"\" srcset=\"https:\/\/www.millery.fr\/wp-content\/uploads\/2021\/06\/Statut-conjugal.png 1024w, https:\/\/www.millery.fr\/wp-content\/uploads\/2021\/06\/Statut-conjugal-300x213.png 300w, https:\/\/www.millery.fr\/wp-content\/uploads\/2021\/06\/Statut-conjugal-768x545.png 768w\" sizes=\"(max-width: 800px) 100vw, 800px\" \/>\t\t\t\t\t\t\t\t\t\t\t<figcaption class=\"widget-image-caption wp-caption-text\">Statut conjugal des personnes de 15 ans ou plus ( en pourcentage de la population )<\/figcaption>\n\t\t\t\t\t\t\t\t\t\t<\/figure>\n\t\t\t\t\t\t\t\t\t<\/div>\n\t\t\t\t<\/div>\n\t\t\t\t\t<\/div>\n\t\t<\/div>\n\t\t\t\t<div class=\"elementor-column elementor-col-50 elementor-top-column elementor-element elementor-element-0de905f\" data-id=\"0de905f\" data-element_type=\"column\">\n\t\t\t<div class=\"elementor-widget-wrap elementor-element-populated\">\n\t\t\t\t\t\t<div class=\"elementor-element elementor-element-44d1b55 elementor-widget elementor-widget-image\" data-id=\"44d1b55\" data-element_type=\"widget\" data-widget_type=\"image.default\">\n\t\t\t\t<div class=\"elementor-widget-container\">\n\t\t\t\t\t\t\t\t\t\t\t\t<figure class=\"wp-caption\">\n\t\t\t\t\t\t\t\t\t\t<img decoding=\"async\" src=\"https:\/\/www.millery.fr\/wp-content\/uploads\/elementor\/thumbs\/Anciennete\u0301-demme\u0301nagement-des-me\u0301anges-p8stfwdg6ytfyx1q3w5ul6dk991mo209zhy9dt3zpk.png\" title=\"Anciennete\u0301 d&#8217;emme\u0301nagement des me\u0301anges\" alt=\"Anciennete\u0301 d&#039;emme\u0301nagement des me\u0301anges\" loading=\"lazy\" \/>\t\t\t\t\t\t\t\t\t\t\t<figcaption class=\"widget-image-caption wp-caption-text\">Anciennet\u00e9 d'emm\u00e9nagement des m\u00e9nages<\/figcaption>\n\t\t\t\t\t\t\t\t\t\t<\/figure>\n\t\t\t\t\t\t\t\t\t<\/div>\n\t\t\t\t<\/div>\n\t\t\t\t\t<\/div>\n\t\t<\/div>\n\t\t\t\t\t<\/div>\n\t\t<\/section>\n\t\t\t\t<section class=\"elementor-section elementor-top-section elementor-element elementor-element-147379f elementor-section-boxed elementor-section-height-default elementor-section-height-default\" data-id=\"147379f\" data-element_type=\"section\">\n\t\t\t\t\t\t<div class=\"elementor-container elementor-column-gap-default\">\n\t\t\t\t\t<div class=\"elementor-column elementor-col-50 elementor-top-column elementor-element elementor-element-c5ba479\" data-id=\"c5ba479\" data-element_type=\"column\">\n\t\t\t<div class=\"elementor-widget-wrap elementor-element-populated\">\n\t\t\t\t\t\t<div class=\"elementor-element elementor-element-e723de7 elementor-widget elementor-widget-image\" data-id=\"e723de7\" data-element_type=\"widget\" data-widget_type=\"image.default\">\n\t\t\t\t<div class=\"elementor-widget-container\">\n\t\t\t\t\t\t\t\t\t\t\t\t\t\t\t<img loading=\"lazy\" decoding=\"async\" width=\"800\" height=\"600\" src=\"https:\/\/www.millery.fr\/wp-content\/uploads\/2021\/06\/Halte-fluviale-et-mise-a\u0300-leau-min-2-1024x768.jpeg\" class=\"attachment-large size-large wp-image-1393\" alt=\"Halte fluviale et mise \u00e0 l&#039;eau\" srcset=\"https:\/\/www.millery.fr\/wp-content\/uploads\/2021\/06\/Halte-fluviale-et-mise-a\u0300-leau-min-2-1024x768.jpeg 1024w, https:\/\/www.millery.fr\/wp-content\/uploads\/2021\/06\/Halte-fluviale-et-mise-a\u0300-leau-min-2-300x225.jpeg 300w, https:\/\/www.millery.fr\/wp-content\/uploads\/2021\/06\/Halte-fluviale-et-mise-a\u0300-leau-min-2-768x576.jpeg 768w, https:\/\/www.millery.fr\/wp-content\/uploads\/2021\/06\/Halte-fluviale-et-mise-a\u0300-leau-min-2-1536x1152.jpeg 1536w, https:\/\/www.millery.fr\/wp-content\/uploads\/2021\/06\/Halte-fluviale-et-mise-a\u0300-leau-min-2-2048x1536.jpeg 2048w\" sizes=\"(max-width: 800px) 100vw, 800px\" \/>\t\t\t\t\t\t\t\t\t\t\t\t\t\t\t<\/div>\n\t\t\t\t<\/div>\n\t\t\t\t\t<\/div>\n\t\t<\/div>\n\t\t\t\t<div class=\"elementor-column elementor-col-50 elementor-top-column elementor-element elementor-element-c79d522\" data-id=\"c79d522\" data-element_type=\"column\">\n\t\t\t<div class=\"elementor-widget-wrap elementor-element-populated\">\n\t\t\t\t\t\t<div class=\"elementor-element elementor-element-447c76f elementor-widget elementor-widget-text-editor\" data-id=\"447c76f\" data-element_type=\"widget\" data-widget_type=\"text-editor.default\">\n\t\t\t\t<div class=\"elementor-widget-container\">\n\t\t\t\t\t\t\t\t\t<p>R\u00e9sidences principales\u00a0\u00a0\u00a0\u00a0\u00a0\u00a0\u00a0\u00a0\u00a0\u00a0\u00a0\u00a0\u00a0 250<\/p><p>R\u00e9sidences secondaires\u00a0\u00a0\u00a0\u00a0\u00a0\u00a0\u00a0\u00a0\u00a0\u00a0\u00a0\u00a0\u00a03<\/p><p>Logements vacants\u00a0\u00a0\u00a0\u00a0\u00a0\u00a0\u00a0\u00a0\u00a0\u00a0\u00a0\u00a0\u00a0\u00a0\u00a0\u00a0\u00a0\u00a0\u00a0\u00a0\u00a021<\/p>\t\t\t\t\t\t\t\t<\/div>\n\t\t\t\t<\/div>\n\t\t\t\t\t<\/div>\n\t\t<\/div>\n\t\t\t\t\t<\/div>\n\t\t<\/section>\n\t\t\t\t<\/div>\n\t\t","protected":false},"excerpt":{"rendered":"<p>La commune en chiffres Commune Intercommunalit\u00e9 Altitude Superficie Habitants Densit\u00e9 Taux de ch\u00f4mage Actifs \/ Inactifs Taux de natalit\u00e9 Taux de mortalit\u00e9 Millery Communaut\u00e9 de Communes du Bassin de Pompey &#8230;<\/p>\n","protected":false},"author":1,"featured_media":0,"parent":0,"menu_order":0,"comment_status":"closed","ping_status":"closed","template":"elementor_header_footer","meta":{"footnotes":""},"class_list":["post-263","page","type-page","status-publish","hentry"],"_links":{"self":[{"href":"https:\/\/www.millery.fr\/index.php\/wp-json\/wp\/v2\/pages\/263","targetHints":{"allow":["GET"]}}],"collection":[{"href":"https:\/\/www.millery.fr\/index.php\/wp-json\/wp\/v2\/pages"}],"about":[{"href":"https:\/\/www.millery.fr\/index.php\/wp-json\/wp\/v2\/types\/page"}],"author":[{"embeddable":true,"href":"https:\/\/www.millery.fr\/index.php\/wp-json\/wp\/v2\/users\/1"}],"replies":[{"embeddable":true,"href":"https:\/\/www.millery.fr\/index.php\/wp-json\/wp\/v2\/comments?post=263"}],"version-history":[{"count":85,"href":"https:\/\/www.millery.fr\/index.php\/wp-json\/wp\/v2\/pages\/263\/revisions"}],"predecessor-version":[{"id":2609,"href":"https:\/\/www.millery.fr\/index.php\/wp-json\/wp\/v2\/pages\/263\/revisions\/2609"}],"wp:attachment":[{"href":"https:\/\/www.millery.fr\/index.php\/wp-json\/wp\/v2\/media?parent=263"}],"curies":[{"name":"wp","href":"https:\/\/api.w.org\/{rel}","templated":true}]}}