{"id":2043,"date":"2021-06-18T10:58:11","date_gmt":"2021-06-18T08:58:11","guid":{"rendered":"http:\/\/www.millery.fr\/?page_id=2043"},"modified":"2021-07-06T09:35:37","modified_gmt":"2021-07-06T07:35:37","slug":"mentions-legales","status":"publish","type":"page","link":"https:\/\/www.millery.fr\/index.php\/mentions-legales\/","title":{"rendered":"Mentions l\u00e9gales"},"content":{"rendered":"\t\t<div data-elementor-type=\"wp-page\" data-elementor-id=\"2043\" class=\"elementor elementor-2043\">\n\t\t\t\t\t\t<section class=\"elementor-section elementor-top-section elementor-element elementor-element-e9f28c4 elementor-section-boxed elementor-section-height-default elementor-section-height-default\" data-id=\"e9f28c4\" data-element_type=\"section\" data-settings=\"{&quot;background_background&quot;:&quot;classic&quot;}\">\n\t\t\t\t\t\t<div class=\"elementor-container elementor-column-gap-default\">\n\t\t\t\t\t<div class=\"elementor-column elementor-col-100 elementor-top-column elementor-element elementor-element-9e5c99d\" data-id=\"9e5c99d\" data-element_type=\"column\">\n\t\t\t<div class=\"elementor-widget-wrap elementor-element-populated\">\n\t\t\t\t\t\t<div class=\"elementor-element elementor-element-343a4a8 elementor-widget elementor-widget-heading\" data-id=\"343a4a8\" data-element_type=\"widget\" data-widget_type=\"heading.default\">\n\t\t\t\t<div class=\"elementor-widget-container\">\n\t\t\t\t\t<h2 class=\"elementor-heading-title elementor-size-default\">Mentions l\u00e9gales<\/h2>\t\t\t\t<\/div>\n\t\t\t\t<\/div>\n\t\t\t\t\t<\/div>\n\t\t<\/div>\n\t\t\t\t\t<\/div>\n\t\t<\/section>\n\t\t\t\t<section class=\"elementor-section elementor-top-section elementor-element elementor-element-d09632b elementor-section-boxed elementor-section-height-default elementor-section-height-default\" data-id=\"d09632b\" data-element_type=\"section\">\n\t\t\t\t\t\t<div class=\"elementor-container elementor-column-gap-default\">\n\t\t\t\t\t<div class=\"elementor-column elementor-col-100 elementor-top-column elementor-element elementor-element-7e51868\" data-id=\"7e51868\" data-element_type=\"column\">\n\t\t\t<div class=\"elementor-widget-wrap elementor-element-populated\">\n\t\t\t\t\t\t<div class=\"elementor-element elementor-element-ab0c500 elementor-widget elementor-widget-text-editor\" data-id=\"ab0c500\" data-element_type=\"widget\" data-widget_type=\"text-editor.default\">\n\t\t\t\t<div class=\"elementor-widget-container\">\n\t\t\t\t\t\t\t\t\t<h4 class=\"mentions2\"><strong>\u00c9diteur<\/strong><\/h4><p>Ce site est la propri\u00e9t\u00e9 de la ville de Millery.<\/p><p>T\u00e9l. : (33) 03 83 24 96 43<br \/>Email : <a href=\"mailto:secretaire.millery54@wanadoo.fr\">secretaire.millery54@wanadoo.fr<\/a><\/p><h4 class=\"mentions2\"><strong>Responsable de la Publication<\/strong><\/h4><p>Gilles CHOTEL, 2\u00e8me adjoint au maire<\/p><h4 class=\"mentions2\"><strong>H\u00e9bergement<\/strong><\/h4><p>Ce site est h\u00e9berg\u00e9 par la soci\u00e9t\u00e9 :<br \/>Cloud Est<br \/>32 route Nationale<br \/>54940 BELLEVILLE \u2013 France<\/p><p>RCS Nancy B 812 209 716<br \/>SIRET 81220971600016<\/p><h4 class=\"mentions2\"><strong>Conception graphique et R\u00e9alisation technique<\/strong><\/h4><p>LMI Solutions<\/p><h4 class=\"mentions2\"><strong>Condition d\u2019utilisation du site<\/strong><\/h4><p>Tout visiteur estimant que le site porte atteinte \u00e0 ses droits \u00e0 la personnalit\u00e9 (diffamation, droits d\u2019auteur\u2026) s\u2019engage \u00e0 en informer le titulaire du site pr\u00e9alablement \u00e0 toute proc\u00e9dure judiciaire a\u00adn de permettre une cessation spontan\u00e9e de l\u2019atteinte si celle-ci est av\u00e9r\u00e9e.<\/p><p>Parall\u00e8lement, le Responsable de la Publication s\u2019engage \u00e0 retirer toute repr\u00e9sentation d\u2019une oeuvre ou d\u2019une marque qui contreviendrait \u00e0 des droits prot\u00e9g\u00e9s au titre de la propri\u00e9t\u00e9 intellectuelle.<\/p><p>Tout visiteur situ\u00e9 \u00e0 l\u2019\u00e9tranger s\u2019engage \u00e0 quitter le site si tout ou partie de son contenu contrevient \u00e0 la l\u00e9gislation de son \u00c9tat, le titulaire du site d\u00e9clinant toute responsabilit\u00e9 en pareille situation.<\/p><h4 class=\"mentions2\"><strong>Destination des informations vous concernant<\/strong><\/h4><p>Les informations qui vous concernent et qui sont collect\u00e9es sur ce site sont trait\u00e9es informatiquement dans le but de mieux traiter vos demandes d\u2019information et, pour ceux qui se sont abonn\u00e9s \u00e0 notre newsletter, de vous transmettre des informations par e-mail.<\/p><p>Aucune information n\u2019est collect\u00e9e \u00e0 votre insu.<\/p><p>Vos informations personnelles ne sont pas communiqu\u00e9es \u00e0 des tiers.<\/p><div id=\"rgpd\">\u00a0<\/div><h4 class=\"mentions2\"><strong>Droit d\u2019acc\u00e8s, de rectifi\u00adcation et d\u2019opposition<\/strong><\/h4><p>Conform\u00e9ment \u00e0 la loi N\u00b0 78-17 du 6 janvier 1978, modi\u00ad\u00e9e, relative \u00e0 l\u2019informatique, aux \u00adchiers et aux libert\u00e9s, vous disposez d\u2019un droit d\u2019acc\u00e8s, de modi\u00adcation, de recti\u00adcation et de suppression des donn\u00e9es vous concernant.<\/p><p>Les droits peuvent \u00eatre exerc\u00e9s en s\u2019adressant par email \u00e0 : <a href=\"mailto:secretaire.millery54@wanadoo.fr\">secretaire.millery54@wanadoo.fr<\/a><br \/>ou par courrier \u00e0 l\u2019adresse suivante :<br \/>2 rue des Chenevi\u00e8res 54670 Millery<br \/><br \/>en nous pr\u00e9cisant vos nom, pr\u00e9nom et adresse e-mail.<\/p><h4 class=\"mentions2\"><strong>Protection du droit d\u2019auteur<\/strong><\/h4><p>Tous les droits de reproduction sont r\u00e9serv\u00e9s y compris pour les textes, les documents t\u00e9l\u00e9chargeables et les repr\u00e9sentations iconographiques et photographiques.<\/p><p>La reproduction de tout ou partie de ce site sur un support quel qu\u2019il soit est formellement interdite sauf autorisation expresse du Responsable de la Publication.<\/p><h4 class=\"mentions2\"><strong>Cr\u00e9dits iconographiques et photographiques<\/strong><\/h4><p>Pixabay, Shutterstock, Freepik<\/p><h4 class=\"mentions2\"><strong>L\u00e9gislation applicable<\/strong><\/h4><p>L\u2019ensemble de ce site rel\u00e8ve de la l\u00e9gislation fran\u00e7aise sur le droit d\u2019auteur et la propri\u00e9t\u00e9 intellectuelle.<\/p>\t\t\t\t\t\t\t\t<\/div>\n\t\t\t\t<\/div>\n\t\t\t\t\t<\/div>\n\t\t<\/div>\n\t\t\t\t\t<\/div>\n\t\t<\/section>\n\t\t\t\t<\/div>\n\t\t","protected":false},"excerpt":{"rendered":"<p>Mentions l\u00e9gales \u00c9diteur Ce site est la propri\u00e9t\u00e9 de la ville de Millery. T\u00e9l. : (33) 03 83 24 96 43Email : secretaire.millery54@wanadoo.fr Responsable de la Publication Gilles CHOTEL, 2\u00e8me &#8230;<\/p>\n","protected":false},"author":1,"featured_media":0,"parent":0,"menu_order":0,"comment_status":"closed","ping_status":"closed","template":"elementor_header_footer","meta":{"footnotes":""},"class_list":["post-2043","page","type-page","status-publish","hentry"],"_links":{"self":[{"href":"https:\/\/www.millery.fr\/index.php\/wp-json\/wp\/v2\/pages\/2043","targetHints":{"allow":["GET"]}}],"collection":[{"href":"https:\/\/www.millery.fr\/index.php\/wp-json\/wp\/v2\/pages"}],"about":[{"href":"https:\/\/www.millery.fr\/index.php\/wp-json\/wp\/v2\/types\/page"}],"author":[{"embeddable":true,"href":"https:\/\/www.millery.fr\/index.php\/wp-json\/wp\/v2\/users\/1"}],"replies":[{"embeddable":true,"href":"https:\/\/www.millery.fr\/index.php\/wp-json\/wp\/v2\/comments?post=2043"}],"version-history":[{"count":13,"href":"https:\/\/www.millery.fr\/index.php\/wp-json\/wp\/v2\/pages\/2043\/revisions"}],"predecessor-version":[{"id":2624,"href":"https:\/\/www.millery.fr\/index.php\/wp-json\/wp\/v2\/pages\/2043\/revisions\/2624"}],"wp:attachment":[{"href":"https:\/\/www.millery.fr\/index.php\/wp-json\/wp\/v2\/media?parent=2043"}],"curies":[{"name":"wp","href":"https:\/\/api.w.org\/{rel}","templated":true}]}}